{"id":205,"date":"2013-04-15T12:32:49","date_gmt":"2013-04-15T12:32:49","guid":{"rendered":"http:\/\/www.tiesosperocumbiancheros.cl\/?page_id=205"},"modified":"2016-03-10T10:45:47","modified_gmt":"2016-03-10T14:45:47","slug":"enfoque","status":"publish","type":"page","link":"https:\/\/www.tiesosperocumbiancheros.cl\/?page_id=205","title":{"rendered":"Enfoque"},"content":{"rendered":"<div style=\"padding-bottom:20px; padding-top:10px;\" class=\"hupso-share-buttons\"><!-- Hupso Share Buttons - http:\/\/www.hupso.com\/share\/ --><a class=\"hupso_counters\" href=\"http:\/\/www.hupso.com\/share\/\"><img src=\"https:\/\/static.hupso.com\/share\/buttons\/lang\/es\/share-small.png\" style=\"border:0px; padding-top:2px; float:left;\" alt=\"Share Button\"\/><\/a><script type=\"text\/javascript\">var hupso_services_c=new Array(\"twitter\",\"facebook_like\");var hupso_counters_lang = \"es_LA\";var hupso_image_folder_url = \"\";var hupso_url_c=\"\";var hupso_title_c=\"Enfoque\";<\/script><script type=\"text\/javascript\" src=\"https:\/\/static.hupso.com\/share\/js\/counters.js\"><\/script><!-- Hupso Share Buttons --><\/div><div style=\"font-family: inherit; text-align: justify;\"><span style=\"font-size: small;\"><em>Tiesos pero cumbiancheros<\/em> es una investigaci\u00f3n interdisciplinaria de car\u00e1cter exploratorio, que reconstruye a partir de variadas fuentes bibliogr\u00e1ficas, fonogr\u00e1ficas, audiovisuales y testimoniales, el proceso mediante el cual se conforma la cumbia chilena como g\u00e9nero popular.<\/span><\/div>\n<div style=\"font-family: inherit; text-align: justify;\"><\/div>\n<div style=\"font-family: inherit; text-align: justify;\"><\/div>\n<div style=\"font-family: inherit; text-align: justify;\">\n<div style=\"width: 310px\" class=\"wp-caption aligncenter\"><a href=\"https:\/\/www.tiesosperocumbiancheros.cl\/wp-content\/uploads\/2013\/01\/221297_1854087786525_1070701917_2026431_8145226_o-1-300x141.jpg\"><img loading=\"lazy\" src=\"https:\/\/www.tiesosperocumbiancheros.cl\/wp-content\/uploads\/2013\/01\/221297_1854087786525_1070701917_2026431_8145226_o-1-300x141.jpg\" alt=\"221297_1854087786525_1070701917_2026431_8145226_o-1-300x141\" width=\"300\" height=\"141\" \/><\/a><p class=\"wp-caption-text\">Archivo Tiesos pero cumbiancheros 2010<\/p><\/div>\n<p><span style=\"font-size: small; font-family: inherit;\">A la luz de un di\u00e1logo hist\u00f3rico, sociol\u00f3gico, antropol\u00f3gico y musicol\u00f3gico, el estudio indaga en el recorrido del g\u00e9nero hasta constituirse como una instancia representativa de la cotidianidad popular y de lo festivo a nivel nacional, acompa\u00f1ando, reflejando e incidiendo en gran parte de los procesos hist\u00f3ricos, pol\u00edticos y culturales que han marcado la historia reciente de Chile, siendo testigo social privilegiada.<\/span><\/p>\n<\/div>\n<div style=\"font-family: inherit; text-align: justify;\"><span style=\"font-size: small;\">Su llegada a Chile como una musicalidad for\u00e1nea, su apropiaci\u00f3n por parte de cultores locales, y su vinculaci\u00f3n con diversos \u00e1mbitos cotidianos y festivos de la vida social, pol\u00edtica y musical de nuestra geograf\u00eda, son algunas de las dimensiones que permiten comprender el desarrollo de sus particularidades estil\u00edsticas, su vinculaci\u00f3n con los procesos sociohist\u00f3rico en que se desenvuelve e incide, y sus tensiones con otras sonoridades populares y\/o folcl\u00f3ricas de proyecci\u00f3n nacional, tales como la ranchera o la cueca.<\/span><\/div>\n<div style=\"font-family: inherit; text-align: justify;\"><span style=\"font-size: small;\"><br \/>\n<\/span><\/div>\n<div style=\"font-family: inherit; text-align: justify;\"><span style=\"font-size: small;\">La m\u00fasica comprendida como objeto de consumo y estudio, pero tambi\u00e9n como pr\u00e1ctica social y manifestaci\u00f3n sociocultural, en constante di\u00e1logo y vinculaci\u00f3n con su contexto hist\u00f3rico, es la perspectiva que permitir\u00e1 examinar el proceso de apropiaci\u00f3n y desarrollo de la cumbia chilena, reconstruyendo en ella hitos y an\u00e9cdotas cotidianas de nuestra historia nacional reciente, con miras a pensar desde un lugar otro el renombrado Chile del \u201cBicentenario\u201d.<\/span><\/div>\n<div class=\"blogger-post-footer\"><img loading=\"lazy\" src=\"https:\/\/blogger.googleusercontent.com\/tracker\/7346496830837324532-1515811343093956020?l=tiesosperocumbiancheros.blogspot.com\" alt=\"\" width=\"1\" height=\"1\" \/><\/div>\n","protected":false},"excerpt":{"rendered":"<div style=\"padding-bottom:20px; padding-top:10px;\" class=\"hupso-share-buttons\"><!-- Hupso Share Buttons - http:\/\/www.hupso.com\/share\/ --><a class=\"hupso_counters\" href=\"http:\/\/www.hupso.com\/share\/\"><img src=\"https:\/\/static.hupso.com\/share\/buttons\/lang\/es\/share-small.png\" style=\"border:0px; padding-top:2px; float:left;\" alt=\"Share Button\"\/><\/a><script type=\"text\/javascript\">var hupso_services_c=new Array(\"twitter\",\"facebook_like\");var hupso_counters_lang = \"es_LA\";var hupso_image_folder_url = \"\";var hupso_url_c=\"\";var hupso_title_c=\"Enfoque\";<\/script><script type=\"text\/javascript\" src=\"https:\/\/static.hupso.com\/share\/js\/counters.js\"><\/script><!-- Hupso Share Buttons --><\/div><p>Tiesos pero cumbiancheros es una investigaci\u00f3n interdisciplinaria de car\u00e1cter exploratorio, que reconstruye a partir de variadas fuentes bibliogr\u00e1ficas, fonogr\u00e1ficas, audiovisuales y testimoniales, el proceso mediante el cual se conforma la&#8230;<\/p>\n","protected":false},"author":1,"featured_media":0,"parent":0,"menu_order":0,"comment_status":"closed","ping_status":"closed","template":"","meta":[],"_links":{"self":[{"href":"https:\/\/www.tiesosperocumbiancheros.cl\/index.php?rest_route=\/wp\/v2\/pages\/205"}],"collection":[{"href":"https:\/\/www.tiesosperocumbiancheros.cl\/index.php?rest_route=\/wp\/v2\/pages"}],"about":[{"href":"https:\/\/www.tiesosperocumbiancheros.cl\/index.php?rest_route=\/wp\/v2\/types\/page"}],"author":[{"embeddable":true,"href":"https:\/\/www.tiesosperocumbiancheros.cl\/index.php?rest_route=\/wp\/v2\/users\/1"}],"replies":[{"embeddable":true,"href":"https:\/\/www.tiesosperocumbiancheros.cl\/index.php?rest_route=%2Fwp%2Fv2%2Fcomments&post=205"}],"version-history":[{"count":11,"href":"https:\/\/www.tiesosperocumbiancheros.cl\/index.php?rest_route=\/wp\/v2\/pages\/205\/revisions"}],"predecessor-version":[{"id":1498,"href":"https:\/\/www.tiesosperocumbiancheros.cl\/index.php?rest_route=\/wp\/v2\/pages\/205\/revisions\/1498"}],"wp:attachment":[{"href":"https:\/\/www.tiesosperocumbiancheros.cl\/index.php?rest_route=%2Fwp%2Fv2%2Fmedia&parent=205"}],"curies":[{"name":"wp","href":"https:\/\/api.w.org\/{rel}","templated":true}]}}