{"id":204,"date":"2010-04-03T12:32:35","date_gmt":"2010-04-03T16:32:35","guid":{"rendered":"http:\/\/www.tiesosperocumbiancheros.cl\/?page_id=204"},"modified":"2016-03-10T10:41:17","modified_gmt":"2016-03-10T14:41:17","slug":"bienvenida","status":"publish","type":"page","link":"https:\/\/www.tiesosperocumbiancheros.cl\/?page_id=204","title":{"rendered":"Bienvenida"},"content":{"rendered":"<div style=\"padding-bottom:20px; padding-top:10px;\" class=\"hupso-share-buttons\"><!-- Hupso Share Buttons - http:\/\/www.hupso.com\/share\/ --><a class=\"hupso_counters\" href=\"http:\/\/www.hupso.com\/share\/\"><img src=\"https:\/\/static.hupso.com\/share\/buttons\/lang\/es\/share-small.png\" style=\"border:0px; padding-top:2px; float:left;\" alt=\"Share Button\"\/><\/a><script type=\"text\/javascript\">var hupso_services_c=new Array(\"twitter\",\"facebook_like\");var hupso_counters_lang = \"es_LA\";var hupso_image_folder_url = \"\";var hupso_url_c=\"\";var hupso_title_c=\"Bienvenida\";<\/script><script type=\"text\/javascript\" src=\"https:\/\/static.hupso.com\/share\/js\/counters.js\"><\/script><!-- Hupso Share Buttons --><\/div><div style=\"font-family: inherit; text-align: justify;\"><span style=\"font-size: small;\">Nacimos en dictadura, herederas de prohibiciones festivas y los sones televisados de Pachuco y la Cubanac\u00e1n. Crecimos al ritmo de un repertorio mestizado, anglo-latino, pop-rockanrolero, romantic\u00f3n-trovero y folcl\u00f3rico-populachero, algo a medio camino entre lo cl\u00e1sico, lo kitsch, la protesta, la cebolla y el picante.<\/span><\/div>\n<div style=\"font-family: inherit; text-align: justify;\"><\/div>\n<div style=\"font-family: inherit; text-align: justify;\">\n<div id=\"attachment_313\" style=\"width: 330px\" class=\"wp-caption aligncenter\"><a href=\"http:\/\/tiesosperocumbiancheros.cl\/wp-content\/uploads\/2005\/07\/1986hectorlopez2.jpg\"><img aria-describedby=\"caption-attachment-313\" loading=\"lazy\" class=\"size-full wp-image-313\" title=\"1986hectorlopez\" src=\"http:\/\/tiesosperocumbiancheros.cl\/wp-content\/uploads\/2005\/07\/1986hectorlopez2.jpg\" alt=\"\" width=\"320\" height=\"211\" \/><\/a><p id=\"caption-attachment-313\" class=\"wp-caption-text\">Santiago de Chile, 1986. Fotograf\u00eda: H\u00e9ctor L\u00f3pez<\/p><\/div>\n<p><span style=\"font-size: small;\">Algo pas\u00f3 en los noventa de los mitos de \u00abla alegr\u00eda por venir\u00bb y la vor\u00e1gine de musicalidades locales y for\u00e1neas, alternativas o mediatizadas, que inquietaban la b\u00fasqueda de una sonoridad propia. Para la mayor\u00eda de los y las j\u00f3venes de nuestra generaci\u00f3n, la respuesta vino en ritmo de cumbia. La Sonora Palacios, La Sonora de Tommy Rey, Giolito y su Combo, Los Vikings 5, largamente ocultos durante las d\u00e9cadas pasadas, se hicieron as\u00ed presentes en practicamente todas nuestras festividades. Veinte a\u00f1os m\u00e1s tarde, no hay a\u00f1o nuevo, fonda patria o cumplea\u00f1os que se precie de tal en los que no suene ella: la cumbia chilena.<\/span><\/p>\n<p><span class=\"c1\" style=\"font-size: small;\">Sobreviviente a fen\u00f3menos ampliamente comerciales de la industria musical, tales como el ax\u00e9 y el reggeaton, nuestra cumbia ha sabido vestirse de etiqueta, tr\u00f3pico, balada y pachanga, insert\u00e1ndose en nuestra parca cotidianeidad para despeinar hasta las y los m\u00e1s tiesos y permitir el jolgorio popular. El paso del tiempo ha hecho a nuestra cumbia sin\u00f3nimo de fiesta, baile, encuentro y celebraci\u00f3n \u00aba la chilena\u00bb. Pero tambi\u00e9n ha ido dejando en el camino a sus primeros cultores, esos que adaptaron o crearon el repertorio que hoy reconocemos como nuestros cl\u00e1sicos cumbiancheros&#8230; La muerte, la enfermedad y la soledad se han vuelto asimismo cumbia chilena.<\/span><\/p>\n<\/div>\n<div class=\"c0\" style=\"font-family: inherit; text-align: justify;\"><span class=\"c1\" style=\"font-size: small;\">Muchas historias de nuestro patrimonio musical y festivo hecho memoria testimonial se ha ido con Giolito, Luis\u00edn, Pachuco, Hirohito, Chocolate, Iv\u00e1n D\u00edaz y Hern\u00e1n Gallardo Pav\u00e9z. Sin embargo, gran parte de sus primeros cultores est\u00e1n aun llenos de recuerdos, m\u00fasicas, an\u00e9cdotas y testimonios que no han sido suficientemente valorizados por quienes durante d\u00e9cadas los hemos disfrutado.<\/span><\/div>\n<div class=\"c0\" style=\"font-family: inherit; text-align: justify;\"><span class=\"c1\" style=\"font-size: small;\"><br \/>\n<\/span><\/div>\n<div class=\"c0\" style=\"font-family: inherit; text-align: justify;\"><span class=\"c1\">Y<span style=\"font-size: small;\"> es que la cumbia chilena no s\u00f3lo es una peculiar manera de expresar nuestra alegr\u00eda. Tambi\u00e9n constituye un objeto de investigaci\u00f3n de suma relevancia, especialmente al constatar la escas\u00e9s de registros, estudios y reflexiones que den cuenta de sus particularidades sonoras e hist\u00f3rico-sociales. Es desde aqu\u00ed que nace la Colectiva de Investigaci\u00f3n\u00a0<\/span><\/span><span class=\"c1 c3\" style=\"font-size: small;\">Tiesos pero Cumbiancheros<\/span><span class=\"c1\" style=\"font-size: small;\">, una investigaci\u00f3n planteada desde el di\u00e1logo interdisciplinario entre historia, sociolog\u00eda, antropolog\u00eda y musicolog\u00eda, volcado a la reconstrucci\u00f3n de nuestra memoria cumbianchera colectiva, que pretende ser un aporte a la valorizaci\u00f3n de nuestro patrimonio musical y festivo, as\u00ed como de sus cultores y cultoras, contribuyendo con ello a las discusiones en torno a nuestra esquiva \u201cchilenidad\u00bb.<\/span><\/div>\n<div class=\"c0\" style=\"font-family: inherit; text-align: justify;\"><span style=\"font-size: small;\"><br \/>\n<\/span><\/div>\n<div class=\"c0\" style=\"font-family: inherit; text-align: justify;\"><span class=\"c1\" style=\"font-size: small;\">En este espacio te mostramos los avances de la investigaci\u00f3n a trav\u00e9s de rese\u00f1as de entrevistas, art\u00edculos, fotos y videos, citados o generados en el proceso. La invitaci\u00f3n est\u00e1 abierta a mirar, leer, comentar y cumbianchar, reconstruyendo con nosotras las historias, an\u00e9cdotas y miradas posibles, tras 50 a\u00f1os ininterrumpidos de cumbia en Chile.<\/span><\/div>\n<div class=\"c0\" style=\"font-family: inherit; text-align: justify;\"><span style=\"font-size: small;\"><br \/>\n<\/span><\/div>\n<div class=\"c0\" style=\"font-family: inherit; text-align: justify;\"><span class=\"c1\" style=\"font-size: small;\">\u00a1Porque no es necesario saber mover las caderas para bailar la cumbia chilena!<\/span><\/div>\n<div class=\"c0\" style=\"font-family: inherit; text-align: justify;\"><span style=\"font-size: x-small;\"><br \/>\n<\/span><\/div>\n","protected":false},"excerpt":{"rendered":"<div style=\"padding-bottom:20px; padding-top:10px;\" class=\"hupso-share-buttons\"><!-- Hupso Share Buttons - http:\/\/www.hupso.com\/share\/ --><a class=\"hupso_counters\" href=\"http:\/\/www.hupso.com\/share\/\"><img src=\"https:\/\/static.hupso.com\/share\/buttons\/lang\/es\/share-small.png\" style=\"border:0px; padding-top:2px; float:left;\" alt=\"Share Button\"\/><\/a><script type=\"text\/javascript\">var hupso_services_c=new Array(\"twitter\",\"facebook_like\");var hupso_counters_lang = \"es_LA\";var hupso_image_folder_url = \"\";var hupso_url_c=\"\";var hupso_title_c=\"Bienvenida\";<\/script><script type=\"text\/javascript\" src=\"https:\/\/static.hupso.com\/share\/js\/counters.js\"><\/script><!-- Hupso Share Buttons --><\/div><p>Nacimos en dictadura, herederas de prohibiciones festivas y los sones televisados de Pachuco y la Cubanac\u00e1n. Crecimos al ritmo de un repertorio mestizado, anglo-latino, pop-rockanrolero, romantic\u00f3n-trovero y folcl\u00f3rico-populachero, algo a&#8230;<\/p>\n","protected":false},"author":1,"featured_media":0,"parent":0,"menu_order":0,"comment_status":"closed","ping_status":"closed","template":"","meta":[],"_links":{"self":[{"href":"https:\/\/www.tiesosperocumbiancheros.cl\/index.php?rest_route=\/wp\/v2\/pages\/204"}],"collection":[{"href":"https:\/\/www.tiesosperocumbiancheros.cl\/index.php?rest_route=\/wp\/v2\/pages"}],"about":[{"href":"https:\/\/www.tiesosperocumbiancheros.cl\/index.php?rest_route=\/wp\/v2\/types\/page"}],"author":[{"embeddable":true,"href":"https:\/\/www.tiesosperocumbiancheros.cl\/index.php?rest_route=\/wp\/v2\/users\/1"}],"replies":[{"embeddable":true,"href":"https:\/\/www.tiesosperocumbiancheros.cl\/index.php?rest_route=%2Fwp%2Fv2%2Fcomments&post=204"}],"version-history":[{"count":8,"href":"https:\/\/www.tiesosperocumbiancheros.cl\/index.php?rest_route=\/wp\/v2\/pages\/204\/revisions"}],"predecessor-version":[{"id":1494,"href":"https:\/\/www.tiesosperocumbiancheros.cl\/index.php?rest_route=\/wp\/v2\/pages\/204\/revisions\/1494"}],"wp:attachment":[{"href":"https:\/\/www.tiesosperocumbiancheros.cl\/index.php?rest_route=%2Fwp%2Fv2%2Fmedia&parent=204"}],"curies":[{"name":"wp","href":"https:\/\/api.w.org\/{rel}","templated":true}]}}