{"id":2,"date":"2010-03-18T13:45:32","date_gmt":"2010-03-18T17:45:32","guid":{"rendered":"http:\/\/www.tiesosperocumbiancheros.cl\/?page_id=2"},"modified":"2023-05-20T23:29:04","modified_gmt":"2023-05-21T03:29:04","slug":"pagina-ejemplo","status":"publish","type":"page","link":"https:\/\/www.tiesosperocumbiancheros.cl\/?page_id=2","title":{"rendered":"Quienes somos"},"content":{"rendered":"<div style=\"padding-bottom:20px; padding-top:10px;\" class=\"hupso-share-buttons\"><!-- Hupso Share Buttons - http:\/\/www.hupso.com\/share\/ --><a class=\"hupso_counters\" href=\"http:\/\/www.hupso.com\/share\/\"><img src=\"https:\/\/static.hupso.com\/share\/buttons\/lang\/es\/share-small.png\" style=\"border:0px; padding-top:2px; float:left;\" alt=\"Share Button\"\/><\/a><script type=\"text\/javascript\">var hupso_services_c=new Array(\"twitter\",\"facebook_like\");var hupso_counters_lang = \"es_LA\";var hupso_image_folder_url = \"\";var hupso_url_c=\"\";var hupso_title_c=\"Quienes somos\";<\/script><script type=\"text\/javascript\" src=\"https:\/\/static.hupso.com\/share\/js\/counters.js\"><\/script><!-- Hupso Share Buttons --><\/div><p style=\"text-align: justify;\">Colectiva de Investigaci\u00f3n\u00a0<span style=\"color: #9a3f2d;\"><strong>\u00abTiesos pero cumbiancheros\u00bb<\/strong><\/span><\/p>\n<p style=\"text-align: justify;\">Colectiva interdisciplinaria de investigaci\u00f3n conformada por Lorena Ardito, Antonia Mardones, Alejandra Vargas y Vanessa Laverde, que inicia el a\u00f1o 2010 con el proyecto \u00abTiesos pero cumbiancheros: una reconstrucci\u00f3n sociohist\u00f3rica de la cumbia chilena\u201d y continua en 2011 con \u00abEl Descubrimiento de Am\u00e9rico: medio siglo de nuestra historia en ritmo de\u00a0cumbia\u00bb, ambos co-financiados por el Fondo de la M\u00fasica del CNCA (2010 &#8211; 2011).<\/p>\n<p style=\"text-align: justify;\">En 2012 y 2013 la Colectiva trabaja de manera autosugestionada, destacando su asesor\u00eda a <a href=\"http:\/\/www.cbrafilms.com\" target=\"_blank\" rel=\"noopener\">Cbra Films<\/a> para la Serie Televisiva <a href=\"https:\/\/www.youtube.com\/playlist?list=PLdRQxCJRB6fc-VzcpHUc38RW2scHBJ31N\" target=\"_blank\" rel=\"noopener\">\u00abPasos de Cumbia\u00bb<\/a> (CNTV 2012).<\/p>\n<p style=\"text-align: justify;\">En 2014 y 2015, la Colectiva orienta su trabajo a editar y publicar su primer libro junto a <a href=\"http:\/\/ceiboediciones.blogspot.cl\" target=\"_blank\" rel=\"noopener\">Ceibo Ediciones<\/a>, en el marco del proyecto \u00abReconstruyendo testimonios: medio siglo de cumbia a la chilena en la voz de sus cultores\u00bb, tambi\u00e9n co-financiado por el Fondo de la M\u00fasica del CNCA (2014). Este trabajo culmina en la publicaci\u00f3n en 2016 del libro \u00ab\u00a1Hagan un trencito! Siguiendo los pasos de la memoria cumbianchera en Chile (1949-1989)\u00bb, a partir del cual la Colectiva ha realizado m\u00faltiples exposiciones en espacios acad\u00e9micos, culturales y comunitarios.<\/p>\n<p style=\"text-align: justify;\">El a\u00f1o 2018, la Colectiva es invitada a escribir un cap\u00edtulo en torno a la cumbia chilena para un proyecto de mayor alcance sobre la\u00a0cumbia en latinoam\u00e9rica, a cargo del investigador colombiano\u00a0Juan Diego Parra Valencia. El libro se publica en el 2019 bajo el t\u00edtulo \u00abEl libro de la cumbia. Resonancias, transferencias y transplantes de las cumbias latinoamericanas\u00bb, con el cap\u00edtulo a cargo de la colectiva\u00a0titulado \u00abCumbia \u00aba la chilena\u00bb: una mirada desde el cuerpo\u00bb.<\/p>\n<p style=\"text-align: justify;\">Despu\u00e9s de un breve receso, la Colectiva retoma su trabajo de investigaci\u00f3n y difusi\u00f3n el a\u00f1o 2021, con nuevos proyectos cumbieros para resistir a la pandemia y el mal gobierno.<\/p>\n<p style=\"text-align: justify;\">Para contactarte con la Colectiva, escribe a <a href=\"tiesosperocumbiancheros@gmail.com\">tiesosperocumbiancheros@gmail.com<\/a><\/p>\n<p style=\"text-align: justify;\"><a href=\"http:\/\/tiesosperocumbiancheros.cl\/wp-content\/uploads\/2011\/06\/LOGO.jpg\"><img loading=\"lazy\" class=\"size-full wp-image-104 aligncenter\" style=\"margin: 0px 90px 0px 90px;\" title=\"LOGO\" src=\"http:\/\/tiesosperocumbiancheros.cl\/wp-content\/uploads\/2011\/06\/LOGO.jpg\" alt=\"\" width=\"265\" height=\"107\" \/><\/a><\/p>\n<p><span style=\"color: #9a3f2d;\"><strong>INVESTIGADORAS<\/strong><\/span><\/p>\n<p style=\"text-align: justify;\"><strong>Lorena Ardito Aldana<\/strong><br \/>\nM\u00fasica comparsera, Soci\u00f3loga y Maestra en Estudios Latinoamericanos. Ha desarrollado estudios sobre m\u00fasica popular y sociedad, fiestas populares y carnavales en Am\u00e9rica Latina, e investigaciones acad\u00e9micas y comunitarias sobre afrodescendencia, interculturalidad, derechos colectivos, educaci\u00f3n popular, feminismos y territorio. Ha integrado las agrupaciones musicales\u00a0<a href=\"https:\/\/myspace.com\/alterlatina\/music\/album\/fecunda-17766671\" target=\"_blank\" rel=\"noopener\" data-saferedirecturl=\"https:\/\/www.google.com\/url?q=https:\/\/myspace.com\/alterlatina\/music\/album\/fecunda-17766671&amp;source=gmail&amp;ust=1617987235295000&amp;usg=AFQjCNFSk3-_b_bZU1GEW1Mj5Q4zRZF32Q\">Alterlatina<\/a>,\u00a0<a href=\"https:\/\/www.youtube.com\/watch?v=6rbGOLLZK1A\" target=\"_blank\" rel=\"noopener\" data-saferedirecturl=\"https:\/\/www.google.com\/url?q=https:\/\/www.youtube.com\/watch?v%3D6rbGOLLZK1A&amp;source=gmail&amp;ust=1617987235295000&amp;usg=AFQjCNHmnOjMX07H2eTHTZhB4chV6ov07w\">La Malandra Dispersound<\/a>\u00a0y la\u00a0<a href=\"https:\/\/soundcloud.com\/sonora-criminal\" target=\"_blank\" rel=\"noopener\" data-saferedirecturl=\"https:\/\/www.google.com\/url?q=https:\/\/soundcloud.com\/sonora-criminal&amp;source=gmail&amp;ust=1617987235295000&amp;usg=AFQjCNFgd5mRmb5t6USwzf2bjIJ1XYO24A\">Sonora Criminal<\/a>, y carnavaleras, Kawin,\u00a0Ziriguid\u00fam. Actualmente es parte de la Escuela de Artes Comunitarias y Carnavaleras \u00abLa Remolino\u00bb, La Gran Comparsa del Pueblo y el Bloque Feminista de M\u00fasicas, y Doctorante del CECLA de la Universidad de Chile, con un trabajo sobre trayectorias de pensamiento cr\u00edtico desarrolladas por mujeres afrodescendientes e ind\u00edgenas del continente, centrado en la figura de la intelectual y activista afrobonaverense Alicia Camacho Garc\u00e9s. Es parte de la Colectiva desde 2010, como gestora, investigadora y editora.<\/p>\n<p style=\"text-align: justify;\"><strong>Alejandra Vargas Sep\u00falveda<\/strong><br \/>\nLicenciada en Historia y Profesora de Historia y Ciencias Sociales de la Universidad de Chile. Actualmente desarrolla su tesis para optar al Post\u00edtulo en Restauraci\u00f3n en la Universidad de Chile y es estudiante del Mag\u00edster en Historia de la Universidad de Tarapac\u00e1. Ha desarrollado investigaciones sociohist\u00f3ricas principalmente orientadas a la cultura popular, en \u00e1reas tales como indigenismo, educaci\u00f3n, medios de comunicaci\u00f3n alternativos y resistencias. Ha sido docente y radiodifusora en contextos comunitarios, y actualmente realiza trabajos independientes de valorizaci\u00f3n cultural.\u00a0Es parte de la Colectiva desde el a\u00f1o 2010, como gestora, investigadora en campo, sistematizadora y editora de material audiovisual.<\/p>\n<p style=\"text-align: justify;\"><strong>Antonia Mardones Marshall<\/strong><br \/>\nAntrop\u00f3loga Social de la Escuela Nacional de Antropolog\u00eda e Historia (ENAH) de M\u00e9xico, diplomada en Estudios Migratorios y en Estudios de G\u00e9nero y Juventud. Cuenta con un master en Antropolog\u00eda Sociocultural por Columbia University (NY) y es candidata doctoral en Sociolog\u00eda en UC Berkeley. Ha sido consultora para la OIT, la CEPAL, la Sociedad Chilena de Derechos de Autor y la BIblioteca del Congreso Nacional, entre otros, y ha desarrollado investigaci\u00f3n en las \u00e1reas de migraci\u00f3n, afrodescendencia, g\u00e9nero, interculturalidad, educaci\u00f3n, cultura popular y pol\u00edticas p\u00fablicas.\u00a0Es parte de la Colectiva desde el a\u00f1o 2011, como gestora, investigadora de campo, sistematizadora y editora.<\/p>\n<p style=\"text-align: justify;\"><strong>Vanessa Laverde<\/strong><br \/>\nMadre, migrante, Dise\u00f1adora Gr\u00e1fica de DUOC UC, Conductora y Productora del programa radial La MESTIZONORA que se dedica a difundir la m\u00fasica actual que se hace en Chile y en Iberoam\u00e9rica. Es una mel\u00f3mana apasionada y ello la ha llevado a desarrollarse como comunicadora, productora y manager de artistas como La Cadencia y Rolando Form\u00f3n. Adem\u00e1s de presentadora y moderadora de distintas charlas y paneles sobre m\u00fasica popular. Actualmente trabaja como comunicadora del Sello Voces Newen quienes buscan internacionalizar la m\u00fasica chilena y hace parte del proyecto Arrullo Viajero. Es parte de la Colectiva desde 2017 como gestora y comunicadora.<\/p>\n<p style=\"text-align: justify;\"><span style=\"color: #993300;\"><strong>EX-INTEGRANTES<\/strong><\/span><\/p>\n<p style=\"text-align: justify;\"><strong>Eileen Karmy Bolton<\/strong><br \/>\nSoci\u00f3loga titulada de la Universidad Alberto Hurtado y \u00a0Mag\u00edster en Artes menci\u00f3n Musicolog\u00eda de la Universidad de Chile. Ha investigado sobre m\u00fasicas populares en Am\u00e9rica Latina. Se ha desempe\u00f1ado como vientista de m\u00fasica popular latinoamericana en las agrupaciones Paukartambo y <a href=\"http:\/\/www.alterlatina.cl\" target=\"_blank\" rel=\"noopener\">Alterlatina<\/a>. Fue becaria CLACSO &#8211; ASDI para la realizaci\u00f3n de una investigaci\u00f3n sobre las condiciones laborales de los m\u00fasicos en Chile y su relaci\u00f3n con las pol\u00edticas p\u00fablicas. Fue parte de la Colectiva desde 2010 hasta 2015, como gestora, investigadora en campo, sistematizadora y editora.<\/p>\n<p style=\"text-align: justify;\"><b>Amanda Borgo\u00f1o Infante<\/b><br \/>\nActriz y gestora cultural<\/p>\n<p style=\"text-align: justify;\"><strong><span style=\"color: #9a3f2d;\">Colaboradores:<\/span><\/strong><\/p>\n<p style=\"text-align: justify;\"><strong><strong>Crist\u00f3bal Gonz\u00e1lez:<\/strong><\/strong><\/p>\n<p style=\"text-align: justify;\"><strong><strong>Sebasti\u00e1n Clavero:<\/strong>\u00a0<\/strong>Profesor de m\u00fasica, m\u00fasico e investigador en m\u00fasica popular. Colabora con la Colectiva desde 2010 desde la regi\u00f3n de Coquimbo, facilitando gestiones, contactando entrevistados e indagando en el desarrollo de la cumbia coquimbana.<\/p>\n<p style=\"text-align: justify;\"><strong>Mar\u00eda Jos\u00e9 Araya:\u00a0<\/strong>Soci\u00f3loga, Mag\u00edster en Antropolog\u00eda Social. Colabora con la Colectiva desde el sur de Chile, indagando en el desarrollo y significaciones de la cumbia ranchera.<\/p>\n<p style=\"text-align: justify;\"><strong>Julio C\u00e1rdenas Palma:\u00a0<\/strong>Webmaster y dise\u00f1ador de \u00abTiesos pero Cumbiancheros\u00bb<\/p>\n<p><span style=\"color: #993366;\"><strong>Investigadores vinculados:<\/strong><\/span><\/p>\n<p><strong>-Rodrigo Torres:<\/strong>\u00a0Etnomusic\u00f3lgo experto en estudios de m\u00fasicas tradicional y popular.<\/p>\n<p><strong>-Juan Pablo Gonz\u00e1lez:\u00a0<\/strong>Music\u00f3logo experto en estudios de m\u00fasica popular.<\/p>\n<p><strong>-Alfonso Padilla:\u00a0<\/strong>Music\u00f3logo y compositor experto en el estudio de la m\u00fasica latinoamericana.<\/p>\n<p><strong>-Rodrigo \u201cChe\u0301\u201d Sandoval: <\/strong>Investigador de m\u00fasicas populares urbanas, en especial de la cueca.<\/p>\n<p><strong>-Cristia\u0301n Herna\u0301ndez:\u00a0<\/strong>Responsable del proyecto de puesta en valor de la fotograf\u00eda bohemia de Julio Bustamante:\u00a0<strong><a href=\"http:\/\/proyecto-cabaret.blogspot.cl\/2010_07_01_archive.html\" target=\"_blank\" rel=\"noopener\">Cabaret<\/a><\/strong>.<\/p>\n<p><strong>-Christian Pen\u0303aloza:\u00a0<\/strong>autor del blog cumbianchero\u00a0<strong><a href=\"https:\/\/lascumbiasenchile.wordpress.com\/\" target=\"_blank\" rel=\"noopener\">Las Cumbias en Chile<\/a><\/strong>.<\/p>\n<p><strong>-Silvia Robles:\u00a0<\/strong>autora del blog <strong><a href=\"http:\/\/antiguabohemiasantiaguina.blogspot.cl\/\" target=\"_blank\" rel=\"noopener\">Antigua Bohemia Santiaguina<\/a><\/strong>.<\/p>\n<p>-Investigadores vinculados a la\u00a0<a href=\"http:\/\/www.asempch.cl\" target=\"_blank\" rel=\"noopener\"><strong>ASEMPCH<\/strong><\/a><\/p>\n<p>-Investigadores vinculados a\u00a0<a href=\"http:\/\/iaspmal.net\/\" target=\"_blank\" rel=\"noopener\"><strong>IASPM-AL<\/strong><\/a>\u00a0(Rama Latinoamericana de Estudios sobre M\u00fasica Popular).<\/p>\n<p>-Investigadores vinculados al <strong><a href=\"http:\/\/nucleosocioarte.wordpress.com\/\" target=\"_blank\" rel=\"noopener\">N\u00facleo de Sociolog\u00eda del Arte y de las Pr\u00e1cticas Culturales<\/a><\/strong>, Facultad de Ciencias Sociales de la Universidad de Chile.<\/p>\n<p>-Investigadores vinculados al Proyecto<strong><a href=\"http:\/\/www.kuriche.cl\/proyecto\/\" target=\"_blank\" rel=\"noopener\"> KURICHE<\/a><\/strong>.<\/p>\n<p style=\"text-align: justify;\"><span style=\"color: #993300;\"><strong>Nuestros agradecimientos a:<\/strong><\/span><\/p>\n<p style=\"text-align: justify;\"><strong>Renato Arce<\/strong>,\u00a0<strong>Javiera Gonz\u00e1lez, Macarena Barahona, Elisa Cabrera, Carolina Vigneaux, \u00c1lvaro Silva, C\u00e9sar Puentes, Anita Castro y Mar\u00eda Ignacia Villagra<\/strong>, quienes han apoyado en la transcripci\u00f3n de testimonios.<\/p>\n<div class=\"page\" title=\"Page 13\">\n<div class=\"layoutArea\">\n<div class=\"column\">\n<p><strong>Vivian del Carmen Bustos, Carmen Gloria Hidalgo, Juan David Rodri\u0301guez, Bruno Giolito, Jaime Fredes,\u00a0<\/strong>amigos y familiares de nuestros entrevistados, por sus constantes colaboraciones.<\/p>\n<\/div>\n<\/div>\n<\/div>\n<div class=\"page\" title=\"Page 14\">\n<div class=\"layoutArea\">\n<div class=\"column\">\n<p><strong>Cristo\u0301bal Platz, Gonzalo Cordero, Alejandro Gonza\u0301lez, Jorge Grez, Rodrigo Rojas, Carlos Corte\u0301s, Tito Esca\u0301rate, Mauricio A\u0301lvarez, Mauricio Valdebenito, Eric Vargas y Sebastia\u0301n Zu\u0301n\u0303iga<\/strong>, por sus valiosos contactos.<\/p>\n<p>Equipo del <strong>Archivo de Mu\u0301sica Tropical Chilena<\/strong>, por compartir con nosotras contactos y algunos de los testimonios coquimbanos.<\/p>\n<p><strong>Alejandro Bravo, Ximena Bo\u0301rquez, Francisco No\u0301mez, Carla Miranda y la Sonora Criminal de Me\u0301xico<\/strong>, apasionados cumbiancheros de tomo y lomo, siempre prestos a compartir con nosotras sus saberes y archivos.<\/p>\n<p><strong>Jose\u0301 Manuel Izquierdo, Mauricio Valdebenito, Daniela Banderas, Lina Barrientos, Rodrigo Ban\u0303o, Rube\u0301n Lo\u0301pez Cano<\/strong>, el grupo de Investigacio\u0301n de la <strong>Escuela Carnavalera Chinchintirapie\u0301,<\/strong> <strong>Andr\u00e9s Pinto, Pablo Dintrans, Manuel Vilches, Sebasti\u00e1n Echeverr\u00eda, Carolina Benavente, Martha Luc\u00eda Rocha,<\/strong> por invitarnos a difundir y dialogar nuestro trabajo.<\/p>\n<div class=\"page\" title=\"Page 15\">\n<div class=\"layoutArea\">\n<div class=\"column\">\n<p><strong>Pablo Sepu\u0301lveda y Alpaca Producciones,<\/strong> por creer en esos proyectos que quedaron en espera.<\/p>\n<p><strong>Mari\u0301a Esther Zamora y Pepe Fuentes<\/strong> por permitirnos hacer de <a href=\"https:\/\/www.facebook.com\/Casa-de-la-Cueca-149701465077758\/\" target=\"_blank\" rel=\"noopener\">La Casa de la Cueca<\/a> un espacio privilegiado para viajar en el tiempo.<\/p>\n<p><strong>Toma\u0301s Catepilla\u0301n, Nelson Cha\u0301vez, Marti\u0301n Fari\u0301as, Cristian Molina y Rene\u0301 Vargas<\/strong>, por ser dedicados lectores de nuestro primer reto\u00f1o literario.<\/p>\n<p><strong>Rodrigo Riffo y Cristo\u0301bal Cornejo<\/strong>, a quienes recordamos con especial afecto, sintiendo su premura partida.<\/p>\n<\/div>\n<\/div>\n<\/div>\n<\/div>\n<\/div>\n<\/div>\n<p style=\"text-align: justify;\">\u00a1Y especialmente a \u00a0todos nuestros entrevistados y entrevistadas!<\/p>\n<p style=\"text-align: justify;\"><!--more--><\/p>\n<p><a href=\"http:\/\/creativecommons.org\/licenses\/by-nc-nd\/3.0\/\" rel=\"license\"><img style=\"border-width: 0;\" src=\"http:\/\/i.creativecommons.org\/l\/by-nc-nd\/3.0\/88x31.png\" alt=\"Licencia de Creative Commons\" \/><\/a><br \/>\nTiesos pero cumbiancheros by Colectiva de Investigaci\u00f3n \u00abTiesos pero cumbiancheros\u00bb TPC integrada por Lorena Ardito, Antonia Mardones, Alejandra Vargas y Vanessa Laverde\u00a0is licensed under a <a href=\"http:\/\/creativecommons.org\/licenses\/by-nc-nd\/3.0\/\" rel=\"license\">Creative Commons Reconocimiento-NoComercial-SinObraDerivada 3.0 Unported License<\/a>.<br \/>\nCreado a partir de la obra en <a href=\"&quot;Tiesos pero cumbiancheros&quot;: Reconstrucci\u00f3n sociohist\u00f3rica de la cumbia chilena (1960 - 2010)\" rel=\"dct:source\">\u00abTiesos pero cumbiancheros\u00bb: Reconstrucci\u00f3n sociohist\u00f3rica de la cumbia chilena (1960 &#8211; 2010)<\/a>.<br \/>\nPermissions beyond the scope of this license may be available at <a href=\"www.tiesosperocumbiancheros.cl\" rel=\"cc:morePermissions\">www.tiesosperocumbiancheros.cl<\/a>.<\/p>\n","protected":false},"excerpt":{"rendered":"<div style=\"padding-bottom:20px; padding-top:10px;\" class=\"hupso-share-buttons\"><!-- Hupso Share Buttons - http:\/\/www.hupso.com\/share\/ --><a class=\"hupso_counters\" href=\"http:\/\/www.hupso.com\/share\/\"><img src=\"https:\/\/static.hupso.com\/share\/buttons\/lang\/es\/share-small.png\" style=\"border:0px; padding-top:2px; float:left;\" alt=\"Share Button\"\/><\/a><script type=\"text\/javascript\">var hupso_services_c=new Array(\"twitter\",\"facebook_like\");var hupso_counters_lang = \"es_LA\";var hupso_image_folder_url = \"\";var hupso_url_c=\"\";var hupso_title_c=\"Quienes somos\";<\/script><script type=\"text\/javascript\" src=\"https:\/\/static.hupso.com\/share\/js\/counters.js\"><\/script><!-- Hupso Share Buttons --><\/div><p>Colectiva de Investigaci\u00f3n\u00a0\u00abTiesos pero cumbiancheros\u00bb Colectiva interdisciplinaria de investigaci\u00f3n conformada por Lorena Ardito, Antonia Mardones, Alejandra Vargas y Vanessa Laverde, que inicia el a\u00f1o 2010 con el proyecto \u00abTiesos pero&#8230;<\/p>\n","protected":false},"author":1,"featured_media":1255,"parent":0,"menu_order":0,"comment_status":"closed","ping_status":"closed","template":"","meta":[],"_links":{"self":[{"href":"https:\/\/www.tiesosperocumbiancheros.cl\/index.php?rest_route=\/wp\/v2\/pages\/2"}],"collection":[{"href":"https:\/\/www.tiesosperocumbiancheros.cl\/index.php?rest_route=\/wp\/v2\/pages"}],"about":[{"href":"https:\/\/www.tiesosperocumbiancheros.cl\/index.php?rest_route=\/wp\/v2\/types\/page"}],"author":[{"embeddable":true,"href":"https:\/\/www.tiesosperocumbiancheros.cl\/index.php?rest_route=\/wp\/v2\/users\/1"}],"replies":[{"embeddable":true,"href":"https:\/\/www.tiesosperocumbiancheros.cl\/index.php?rest_route=%2Fwp%2Fv2%2Fcomments&post=2"}],"version-history":[{"count":27,"href":"https:\/\/www.tiesosperocumbiancheros.cl\/index.php?rest_route=\/wp\/v2\/pages\/2\/revisions"}],"predecessor-version":[{"id":1726,"href":"https:\/\/www.tiesosperocumbiancheros.cl\/index.php?rest_route=\/wp\/v2\/pages\/2\/revisions\/1726"}],"wp:featuredmedia":[{"embeddable":true,"href":"https:\/\/www.tiesosperocumbiancheros.cl\/index.php?rest_route=\/wp\/v2\/media\/1255"}],"wp:attachment":[{"href":"https:\/\/www.tiesosperocumbiancheros.cl\/index.php?rest_route=%2Fwp%2Fv2%2Fmedia&parent=2"}],"curies":[{"name":"wp","href":"https:\/\/api.w.org\/{rel}","templated":true}]}}